{"id":1837,"date":"2023-05-05T21:27:17","date_gmt":"2023-05-05T21:27:17","guid":{"rendered":"https:\/\/tplabs.co\/congin\/?page_id=1837"},"modified":"2025-11-12T20:17:21","modified_gmt":"2025-11-12T20:17:21","slug":"services","status":"publish","type":"page","link":"https:\/\/kilnroller.com\/es\/services\/","title":{"rendered":"Servicios"},"content":{"rendered":"<div data-elementor-type=\"wp-page\" data-elementor-id=\"1837\" class=\"elementor elementor-1837\" data-elementor-post-type=\"page\">\n\t\t\t\t<div class=\"elementor-element elementor-element-ead9ef4 e-flex e-con-boxed e-con e-parent\" data-id=\"ead9ef4\" data-element_type=\"container\">\n\t\t\t\t\t<div class=\"e-con-inner\">\n\t\t\t\t<div class=\"elementor-element elementor-element-7827c6d elementor-widget elementor-widget-spacer\" data-id=\"7827c6d\" data-element_type=\"widget\" data-widget_type=\"spacer.default\">\n\t\t\t\t\t\t\t<div class=\"elementor-spacer\">\n\t\t\t<div class=\"elementor-spacer-inner\"><\/div>\n\t\t<\/div>\n\t\t\t\t\t\t<\/div>\n\t\t\t\t\t<\/div>\n\t\t\t\t<\/div>\n\t\t<div class=\"elementor-element elementor-element-39ecf20 e-flex e-con-boxed e-con e-parent\" data-id=\"39ecf20\" data-element_type=\"container\">\n\t\t\t\t\t<div class=\"e-con-inner\">\n\t\t<div class=\"elementor-element elementor-element-e681a05 e-con-full e-flex e-con e-child\" data-id=\"e681a05\" data-element_type=\"container\">\n\t\t\t\t<div class=\"elementor-element elementor-element-445845a elementor-widget elementor-widget-heading\" data-id=\"445845a\" data-element_type=\"widget\" data-widget_type=\"heading.default\">\n\t\t\t\t\t<h2 class=\"elementor-heading-title elementor-size-default\">1.Servicios De Dise\u00f1o<\/h2>\t\t\t\t<\/div>\n\t\t\t\t<div class=\"elementor-element elementor-element-7e9e97d elementor-widget elementor-widget-text-editor\" data-id=\"7e9e97d\" data-element_type=\"widget\" data-widget_type=\"text-editor.default\">\n\t\t\t\t\t\t\t\t\t<p>Respaldado por un experimentado y especializado equipo de dise\u00f1o, estamos comprometidos con la entrega completa de la galvanizaci\u00f3n de la l\u00ednea de soluciones. Nuestros servicios integrados de cubrir el proceso completo, desde el dise\u00f1o y la fabricaci\u00f3n hasta la instalaci\u00f3n.<br \/>En paralelo, tenemos una competencia b\u00e1sica en la medida de producci\u00f3n de fundici\u00f3n de precisi\u00f3n. Si usted proporciona dibujos detallados o requisitos espec\u00edficos, precisa materializar su visi\u00f3n, la entrega de productos de alta calidad que cumplen con todas sus expectativas.<\/p>\t\t\t\t\t\t\t\t<\/div>\n\t\t\t\t<\/div>\n\t\t<div class=\"elementor-element elementor-element-344f81b e-con-full e-flex e-con e-child\" data-id=\"344f81b\" data-element_type=\"container\">\n\t\t\t\t<div class=\"elementor-element elementor-element-44f4eaa elementor-widget elementor-widget-heading\" data-id=\"44f4eaa\" data-element_type=\"widget\" data-widget_type=\"heading.default\">\n\t\t\t\t\t<h2 class=\"elementor-heading-title elementor-size-default\">2.Producto Servicios De<\/h2>\t\t\t\t<\/div>\n\t\t\t\t<div class=\"elementor-element elementor-element-b7dcb58 elementor-widget elementor-widget-text-editor\" data-id=\"b7dcb58\" data-element_type=\"widget\" data-widget_type=\"text-editor.default\">\n\t\t\t\t\t\t\t\t\t<p>Nuestra fabricaci\u00f3n del producto se adhiere a un estricto proceso de la ruta. Comienzo con las materias primas, cada unidad se somete a la corte, de la forja, y \u00e1spera de mecanizado. Luego entra a la fundamental etapas de granallado y tratamiento t\u00e9rmico para mejorar las propiedades del material. Mecanizado de precisi\u00f3n de la siguiente manera para garantizar la precisi\u00f3n, culminando en una rigurosa inspecci\u00f3n, limpieza, montaje, y embalaje antes de su env\u00edo. Nos aseguramos de cada uno de los pasos cumple con nuestros altos est\u00e1ndares.<\/p>\t\t\t\t\t\t\t\t<\/div>\n\t\t\t\t<\/div>\n\t\t<div class=\"elementor-element elementor-element-cba211d e-con-full e-flex e-con e-child\" data-id=\"cba211d\" data-element_type=\"container\">\n\t\t\t\t<div class=\"elementor-element elementor-element-18ee513 elementor-widget elementor-widget-heading\" data-id=\"18ee513\" data-element_type=\"widget\" data-widget_type=\"heading.default\">\n\t\t\t\t\t<h2 class=\"elementor-heading-title elementor-size-default\">3.Las Muestras Procedimiento De<\/h2>\t\t\t\t<\/div>\n\t\t\t\t<div class=\"elementor-element elementor-element-323671c elementor-widget elementor-widget-text-editor\" data-id=\"323671c\" data-element_type=\"widget\" data-widget_type=\"text-editor.default\">\n\t\t\t\t\t\t\t\t\t<p>Comenzamos por la transformaci\u00f3n de su concepto inicial en un prototipo funcional. Este es un proceso iterativo de asociaci\u00f3n\u2014damos forma a la muestra a trav\u00e9s de la retroalimentaci\u00f3n continua y revisiones hasta que se alinea perfectamente con las especificaciones y expectativas.<\/p>\t\t\t\t\t\t\t\t<\/div>\n\t\t\t\t<\/div>\n\t\t\t\t\t<\/div>\n\t\t\t\t<\/div>\n\t\t<div class=\"elementor-element elementor-element-9d9be3c e-flex e-con-boxed e-con e-parent\" data-id=\"9d9be3c\" data-element_type=\"container\">\n\t\t\t\t\t<div class=\"e-con-inner\">\n\t\t<div class=\"elementor-element elementor-element-d334951 e-con-full e-flex e-con e-child\" data-id=\"d334951\" data-element_type=\"container\">\n\t\t\t\t<div class=\"elementor-element elementor-element-ae8db3f elementor-widget elementor-widget-heading\" data-id=\"ae8db3f\" data-element_type=\"widget\" data-widget_type=\"heading.default\">\n\t\t\t\t\t<h2 class=\"elementor-heading-title elementor-size-default\">4.R&amp;D y la Transformaci\u00f3n<\/h2>\t\t\t\t<\/div>\n\t\t\t\t<div class=\"elementor-element elementor-element-c592fd7 elementor-widget elementor-widget-text-editor\" data-id=\"c592fd7\" data-element_type=\"widget\" data-widget_type=\"text-editor.default\">\n\t\t\t\t\t\t\t\t\t<p>Nos especializamos en la medida de R&amp;D y la transformaci\u00f3n tecnol\u00f3gica de la clave de la galvanizaci\u00f3n de los equipos (tales como radiante tubos, vigas, etc.), basado en las condiciones espec\u00edficas de funcionamiento y los objetivos de rendimiento de su l\u00ednea de producci\u00f3n. Mediante la optimizaci\u00f3n del dise\u00f1o y aplicaci\u00f3n de materiales, hemos tratado de mejorar la fiabilidad de los equipos, la eficiencia t\u00e9rmica, y la vida de servicio, en \u00faltima instancia, el apoyo a sus objetivos para la mejora del rendimiento y la optimizaci\u00f3n de los costes.<\/p>\t\t\t\t\t\t\t\t<\/div>\n\t\t\t\t<\/div>\n\t\t<div class=\"elementor-element elementor-element-c6834d5 e-con-full e-flex e-con e-child\" data-id=\"c6834d5\" data-element_type=\"container\">\n\t\t\t\t<div class=\"elementor-element elementor-element-dfb0afb elementor-widget elementor-widget-heading\" data-id=\"dfb0afb\" data-element_type=\"widget\" data-widget_type=\"heading.default\">\n\t\t\t\t\t<h2 class=\"elementor-heading-title elementor-size-default\">5.Control De Calidad<\/h2>\t\t\t\t<\/div>\n\t\t\t\t<div class=\"elementor-element elementor-element-6e7ec0e elementor-widget elementor-widget-text-editor\" data-id=\"6e7ec0e\" data-element_type=\"widget\" data-widget_type=\"text-editor.default\">\n\t\t\t\t\t\t\t\t\t<p>Aprovechamos una amplia gama de pruebas avanzadas tecnolog\u00edas para ofrecer precisa conocimientos sobre la calidad del producto. Nuestras capacidades incluyen la composici\u00f3n del material a trav\u00e9s de an\u00e1lisis de espectr\u00f3metros, estructura interna y la fuerza de evaluaci\u00f3n a trav\u00e9s de pruebas de ultrasonido y los probadores de la dureza de Leeb, la estabilidad operativa de verificaci\u00f3n a trav\u00e9s de din\u00e1micas de pruebas de equilibrio, as\u00ed como en tiempo real el proceso de seguimiento y control de uso en el sitio de metalograf\u00eda y term\u00f3metros infrarrojos.<\/p>\t\t\t\t\t\t\t\t<\/div>\n\t\t\t\t<\/div>\n\t\t<div class=\"elementor-element elementor-element-45de75e e-con-full e-flex e-con e-child\" data-id=\"45de75e\" data-element_type=\"container\">\n\t\t\t\t<div class=\"elementor-element elementor-element-958b337 elementor-widget elementor-widget-heading\" data-id=\"958b337\" data-element_type=\"widget\" data-widget_type=\"heading.default\">\n\t\t\t\t\t<h2 class=\"elementor-heading-title elementor-size-default\">6.Otros Servicios<\/h2>\t\t\t\t<\/div>\n\t\t\t\t<div class=\"elementor-element elementor-element-264e7fe elementor-widget elementor-widget-text-editor\" data-id=\"264e7fe\" data-element_type=\"widget\" data-widget_type=\"text-editor.default\">\n\t\t\t\t\t\t\t\t\t<p>Nos agilizar su proceso de adquisici\u00f3n a trav\u00e9s de nuestra consolidada red de proveedores. Como su \u00fanico punto de contacto, tenemos un completo sistema de abastecimiento para todos los componentes industriales\u2014incluyendo los reductores de velocidad y metal\u00fargica partes\u2014la eliminaci\u00f3n de sus adquisiciones complejidades.<\/p>\t\t\t\t\t\t\t\t<\/div>\n\t\t\t\t<\/div>\n\t\t\t\t\t<\/div>\n\t\t\t\t<\/div>\n\t\t\t\t<\/div>\n\t\t\n    <div class=\"xs_social_share_widget xs_share_url after_content \t\tmain_content  wslu-style-1 wslu-share-box-shaped wslu-fill-colored wslu-none wslu-share-horizontal wslu-theme-font-no wslu-main_content\">\n\n\t\t\n        <ul>\n\t\t\t        <\/ul>\n    <\/div>","protected":false},"excerpt":{"rendered":"<p>1.Design Services Backed by an experienced and specialized design team, we are committed to delivering comprehensive galvanizing line solutions. Our integrated services cover the entire process from design and manufacturing to installation.In parallel, we have a core competency in the customized production of precision castings. Whether you provide detailed drawings<\/p>","protected":false},"author":1,"featured_media":0,"parent":0,"menu_order":0,"comment_status":"closed","ping_status":"closed","template":"","meta":{"_monsterinsights_skip_tracking":false,"_monsterinsights_sitenote_active":false,"_monsterinsights_sitenote_note":"","_monsterinsights_sitenote_category":0,"footnotes":""},"class_list":["post-1837","page","type-page","status-publish","hentry"],"_hostinger_reach_plugin_has_subscription_block":false,"_hostinger_reach_plugin_is_elementor":false,"_links":{"self":[{"href":"https:\/\/kilnroller.com\/es\/wp-json\/wp\/v2\/pages\/1837","targetHints":{"allow":["GET"]}}],"collection":[{"href":"https:\/\/kilnroller.com\/es\/wp-json\/wp\/v2\/pages"}],"about":[{"href":"https:\/\/kilnroller.com\/es\/wp-json\/wp\/v2\/types\/page"}],"author":[{"embeddable":true,"href":"https:\/\/kilnroller.com\/es\/wp-json\/wp\/v2\/users\/1"}],"replies":[{"embeddable":true,"href":"https:\/\/kilnroller.com\/es\/wp-json\/wp\/v2\/comments?post=1837"}],"version-history":[{"count":13,"href":"https:\/\/kilnroller.com\/es\/wp-json\/wp\/v2\/pages\/1837\/revisions"}],"predecessor-version":[{"id":5065,"href":"https:\/\/kilnroller.com\/es\/wp-json\/wp\/v2\/pages\/1837\/revisions\/5065"}],"wp:attachment":[{"href":"https:\/\/kilnroller.com\/es\/wp-json\/wp\/v2\/media?parent=1837"}],"curies":[{"name":"wp","href":"https:\/\/api.w.org\/{rel}","templated":true}]}}