{"id":5076,"date":"2025-11-12T20:27:33","date_gmt":"2025-11-12T20:27:33","guid":{"rendered":"https:\/\/kilnroller.com\/?page_id=5076"},"modified":"2025-11-13T05:56:36","modified_gmt":"2025-11-13T05:56:36","slug":"project","status":"publish","type":"page","link":"https:\/\/kilnroller.com\/es\/project\/","title":{"rendered":"Proyecto"},"content":{"rendered":"<div data-elementor-type=\"wp-page\" data-elementor-id=\"5076\" class=\"elementor elementor-5076\" data-elementor-post-type=\"page\">\n\t\t\t\t<div class=\"elementor-element elementor-element-242506a e-flex e-con-boxed e-con e-parent\" data-id=\"242506a\" data-element_type=\"container\">\n\t\t\t\t\t<div class=\"e-con-inner\">\n\t\t<div class=\"elementor-element elementor-element-9efbaef e-con-full e-flex e-con e-child\" data-id=\"9efbaef\" data-element_type=\"container\">\n\t\t\t\t<div class=\"elementor-element elementor-element-c2848cc elementor-widget elementor-widget-image\" data-id=\"c2848cc\" data-element_type=\"widget\" data-widget_type=\"image.default\">\n\t\t\t\t\t\t\t\t\t\t\t\t<figure class=\"wp-caption\">\n\t\t\t\t\t\t\t\t\t\t\t<a href=\"https:\/\/kilnroller.com\/es\/everbright-new-energy-fifty-five-aluminum-project\/\">\n\t\t\t\t\t\t\t<img fetchpriority=\"high\" decoding=\"async\" width=\"600\" height=\"400\" src=\"https:\/\/kilnroller.com\/wp-content\/uploads\/2025\/11\/\u56fe\u72476_\u526f\u672c.png\" class=\"attachment-large size-large wp-image-5079\" alt=\"\" srcset=\"https:\/\/kilnroller.com\/wp-content\/uploads\/2025\/11\/\u56fe\u72476_\u526f\u672c.png 600w, https:\/\/kilnroller.com\/wp-content\/uploads\/2025\/11\/\u56fe\u72476_\u526f\u672c-300x200.png 300w, https:\/\/kilnroller.com\/wp-content\/uploads\/2025\/11\/\u56fe\u72476_\u526f\u672c-18x12.png 18w\" sizes=\"(max-width: 600px) 100vw, 600px\" \/>\t\t\t\t\t\t\t\t<\/a>\n\t\t\t\t\t\t\t\t\t\t\t<figcaption class=\"widget-image-caption wp-caption-text\">Everbright Nueva Energ\u00eda Cincuenta Y Cinco De Aluminio Del Proyecto<\/figcaption>\n\t\t\t\t\t\t\t\t\t\t<\/figure>\n\t\t\t\t\t\t\t\t\t<\/div>\n\t\t\t\t<div class=\"elementor-element elementor-element-38ade74 elementor-align-center elementor-widget elementor-widget-button\" data-id=\"38ade74\" data-element_type=\"widget\" data-widget_type=\"button.default\">\n\t\t\t\t\t\t\t\t\t\t<a class=\"elementor-button elementor-button-link elementor-size-sm elementor-animation-pulse\" href=\"https:\/\/kilnroller.com\/es\/everbright-new-energy-fifty-five-aluminum-project\/\">\n\t\t\t\t\t\t<span class=\"elementor-button-content-wrapper\">\n\t\t\t\t\t\t\t\t\t<span class=\"elementor-button-text\">VER M\u00c1S<\/span>\n\t\t\t\t\t<\/span>\n\t\t\t\t\t<\/a>\n\t\t\t\t\t\t\t\t<\/div>\n\t\t\t\t<\/div>\n\t\t<div class=\"elementor-element elementor-element-42d8355 e-con-full e-flex e-con e-child\" data-id=\"42d8355\" data-element_type=\"container\">\n\t\t\t\t<div class=\"elementor-element elementor-element-872e897 elementor-widget elementor-widget-image\" data-id=\"872e897\" data-element_type=\"widget\" data-widget_type=\"image.default\">\n\t\t\t\t\t\t\t\t\t\t\t\t<figure class=\"wp-caption\">\n\t\t\t\t\t\t\t\t\t\t\t<a href=\"https:\/\/kilnroller.com\/es\/hebei-baoheng-zinc-aluminum-magnesium-project\/\">\n\t\t\t\t\t\t\t<img decoding=\"async\" width=\"600\" height=\"400\" src=\"https:\/\/kilnroller.com\/wp-content\/uploads\/2025\/11\/\u56fe\u72477_\u526f\u672c.png\" class=\"attachment-large size-large wp-image-5080\" alt=\"\" srcset=\"https:\/\/kilnroller.com\/wp-content\/uploads\/2025\/11\/\u56fe\u72477_\u526f\u672c.png 600w, https:\/\/kilnroller.com\/wp-content\/uploads\/2025\/11\/\u56fe\u72477_\u526f\u672c-300x200.png 300w, https:\/\/kilnroller.com\/wp-content\/uploads\/2025\/11\/\u56fe\u72477_\u526f\u672c-18x12.png 18w\" sizes=\"(max-width: 600px) 100vw, 600px\" \/>\t\t\t\t\t\t\t\t<\/a>\n\t\t\t\t\t\t\t\t\t\t\t<figcaption class=\"widget-image-caption wp-caption-text\">Hebei Baoheng De Zinc-Aluminio-Magnesio Proyecto<\/figcaption>\n\t\t\t\t\t\t\t\t\t\t<\/figure>\n\t\t\t\t\t\t\t\t\t<\/div>\n\t\t\t\t<div class=\"elementor-element elementor-element-b35df0e elementor-align-center elementor-widget elementor-widget-button\" data-id=\"b35df0e\" data-element_type=\"widget\" data-widget_type=\"button.default\">\n\t\t\t\t\t\t\t\t\t\t<a class=\"elementor-button elementor-button-link elementor-size-sm elementor-animation-pulse\" href=\"https:\/\/kilnroller.com\/es\/hebei-baoheng-zinc-aluminum-magnesium-project\/\">\n\t\t\t\t\t\t<span class=\"elementor-button-content-wrapper\">\n\t\t\t\t\t\t\t\t\t<span class=\"elementor-button-text\">VER M\u00c1S<\/span>\n\t\t\t\t\t<\/span>\n\t\t\t\t\t<\/a>\n\t\t\t\t\t\t\t\t<\/div>\n\t\t\t\t<\/div>\n\t\t\t\t\t<\/div>\n\t\t\t\t<\/div>\n\t\t<div class=\"elementor-element elementor-element-57bc0bc e-flex e-con-boxed e-con e-parent\" data-id=\"57bc0bc\" data-element_type=\"container\">\n\t\t\t\t\t<div class=\"e-con-inner\">\n\t\t<div class=\"elementor-element elementor-element-ced911f e-con-full e-flex e-con e-child\" data-id=\"ced911f\" data-element_type=\"container\">\n\t\t\t\t<div class=\"elementor-element elementor-element-9e4b440 elementor-widget elementor-widget-image\" data-id=\"9e4b440\" data-element_type=\"widget\" data-widget_type=\"image.default\">\n\t\t\t\t\t\t\t\t\t\t\t\t<figure class=\"wp-caption\">\n\t\t\t\t\t\t\t\t\t\t\t<a href=\"https:\/\/kilnroller.com\/es\/lion-king-company-fifty-five-aluminum-project\/\">\n\t\t\t\t\t\t\t<img decoding=\"async\" width=\"600\" height=\"400\" src=\"https:\/\/kilnroller.com\/wp-content\/uploads\/2025\/11\/\u56fe\u72479_\u526f\u672c.png\" class=\"attachment-large size-large wp-image-5082\" alt=\"\" srcset=\"https:\/\/kilnroller.com\/wp-content\/uploads\/2025\/11\/\u56fe\u72479_\u526f\u672c.png 600w, https:\/\/kilnroller.com\/wp-content\/uploads\/2025\/11\/\u56fe\u72479_\u526f\u672c-300x200.png 300w, https:\/\/kilnroller.com\/wp-content\/uploads\/2025\/11\/\u56fe\u72479_\u526f\u672c-18x12.png 18w\" sizes=\"(max-width: 600px) 100vw, 600px\" \/>\t\t\t\t\t\t\t\t<\/a>\n\t\t\t\t\t\t\t\t\t\t\t<figcaption class=\"widget-image-caption wp-caption-text\">El Rey Le\u00f3n Compa\u00f1\u00eda Cincuenta Y Cinco De Aluminio Del Proyecto<\/figcaption>\n\t\t\t\t\t\t\t\t\t\t<\/figure>\n\t\t\t\t\t\t\t\t\t<\/div>\n\t\t\t\t<div class=\"elementor-element elementor-element-67af806 elementor-align-center elementor-widget elementor-widget-button\" data-id=\"67af806\" data-element_type=\"widget\" data-widget_type=\"button.default\">\n\t\t\t\t\t\t\t\t\t\t<a class=\"elementor-button elementor-button-link elementor-size-sm elementor-animation-pulse\" href=\"https:\/\/kilnroller.com\/es\/lion-king-company-fifty-five-aluminum-project\/\">\n\t\t\t\t\t\t<span class=\"elementor-button-content-wrapper\">\n\t\t\t\t\t\t\t\t\t<span class=\"elementor-button-text\">VER M\u00c1S<\/span>\n\t\t\t\t\t<\/span>\n\t\t\t\t\t<\/a>\n\t\t\t\t\t\t\t\t<\/div>\n\t\t\t\t<\/div>\n\t\t<div class=\"elementor-element elementor-element-6f5e052 e-con-full e-flex e-con e-child\" data-id=\"6f5e052\" data-element_type=\"container\">\n\t\t\t\t<div class=\"elementor-element elementor-element-e02149d elementor-widget elementor-widget-image\" data-id=\"e02149d\" data-element_type=\"widget\" data-widget_type=\"image.default\">\n\t\t\t\t\t\t\t\t\t\t\t\t<figure class=\"wp-caption\">\n\t\t\t\t\t\t\t\t\t\t\t<a href=\"https:\/\/kilnroller.com\/es\/shengbao-project-site\/\">\n\t\t\t\t\t\t\t<img loading=\"lazy\" decoding=\"async\" width=\"600\" height=\"400\" src=\"https:\/\/kilnroller.com\/wp-content\/uploads\/2025\/11\/\u56fe\u72478_\u526f\u672c.png\" class=\"attachment-large size-large wp-image-5081\" alt=\"\" srcset=\"https:\/\/kilnroller.com\/wp-content\/uploads\/2025\/11\/\u56fe\u72478_\u526f\u672c.png 600w, https:\/\/kilnroller.com\/wp-content\/uploads\/2025\/11\/\u56fe\u72478_\u526f\u672c-300x200.png 300w, https:\/\/kilnroller.com\/wp-content\/uploads\/2025\/11\/\u56fe\u72478_\u526f\u672c-18x12.png 18w\" sizes=\"(max-width: 600px) 100vw, 600px\" \/>\t\t\t\t\t\t\t\t<\/a>\n\t\t\t\t\t\t\t\t\t\t\t<figcaption class=\"widget-image-caption wp-caption-text\">Shengbao Sitio Del Proyecto<\/figcaption>\n\t\t\t\t\t\t\t\t\t\t<\/figure>\n\t\t\t\t\t\t\t\t\t<\/div>\n\t\t\t\t<div class=\"elementor-element elementor-element-6f4789c elementor-align-center elementor-widget elementor-widget-button\" data-id=\"6f4789c\" data-element_type=\"widget\" data-widget_type=\"button.default\">\n\t\t\t\t\t\t\t\t\t\t<a class=\"elementor-button elementor-button-link elementor-size-sm elementor-animation-pulse\" href=\"https:\/\/kilnroller.com\/es\/shengbao-project-site\/\">\n\t\t\t\t\t\t<span class=\"elementor-button-content-wrapper\">\n\t\t\t\t\t\t\t\t\t<span class=\"elementor-button-text\">VER M\u00c1S<\/span>\n\t\t\t\t\t<\/span>\n\t\t\t\t\t<\/a>\n\t\t\t\t\t\t\t\t<\/div>\n\t\t\t\t<\/div>\n\t\t\t\t\t<\/div>\n\t\t\t\t<\/div>\n\t\t\t\t<\/div>\n\t\t\n    <div class=\"xs_social_share_widget xs_share_url after_content \t\tmain_content  wslu-style-1 wslu-share-box-shaped wslu-fill-colored wslu-none wslu-share-horizontal wslu-theme-font-no wslu-main_content\">\n\n\t\t\n        <ul>\n\t\t\t        <\/ul>\n    <\/div>","protected":false},"excerpt":{"rendered":"<p>Everbright New Energy Fifty-Five Aluminum Project VIEW MORE Hebei Baoheng Zinc-Aluminum-Magnesium Project VIEW MORE Lion King Company Fifty-Five Aluminum Project VIEW MORE Shengbao Project Site VIEW MORE<\/p>","protected":false},"author":1,"featured_media":0,"parent":0,"menu_order":0,"comment_status":"closed","ping_status":"closed","template":"elementor_header_footer","meta":{"_monsterinsights_skip_tracking":false,"_monsterinsights_sitenote_active":false,"_monsterinsights_sitenote_note":"","_monsterinsights_sitenote_category":0,"footnotes":""},"class_list":["post-5076","page","type-page","status-publish","hentry"],"_hostinger_reach_plugin_has_subscription_block":false,"_hostinger_reach_plugin_is_elementor":false,"_links":{"self":[{"href":"https:\/\/kilnroller.com\/es\/wp-json\/wp\/v2\/pages\/5076","targetHints":{"allow":["GET"]}}],"collection":[{"href":"https:\/\/kilnroller.com\/es\/wp-json\/wp\/v2\/pages"}],"about":[{"href":"https:\/\/kilnroller.com\/es\/wp-json\/wp\/v2\/types\/page"}],"author":[{"embeddable":true,"href":"https:\/\/kilnroller.com\/es\/wp-json\/wp\/v2\/users\/1"}],"replies":[{"embeddable":true,"href":"https:\/\/kilnroller.com\/es\/wp-json\/wp\/v2\/comments?post=5076"}],"version-history":[{"count":16,"href":"https:\/\/kilnroller.com\/es\/wp-json\/wp\/v2\/pages\/5076\/revisions"}],"predecessor-version":[{"id":5131,"href":"https:\/\/kilnroller.com\/es\/wp-json\/wp\/v2\/pages\/5076\/revisions\/5131"}],"wp:attachment":[{"href":"https:\/\/kilnroller.com\/es\/wp-json\/wp\/v2\/media?parent=5076"}],"curies":[{"name":"wp","href":"https:\/\/api.w.org\/{rel}","templated":true}]}}